{"id":2588,"date":"2025-12-30T21:07:27","date_gmt":"2025-12-30T20:07:27","guid":{"rendered":"https:\/\/senoa.pl\/download-guide\/"},"modified":"2026-03-05T12:35:51","modified_gmt":"2026-03-05T11:35:51","slug":"download-guide","status":"publish","type":"page","link":"https:\/\/senoa.pl\/en\/download-guide\/","title":{"rendered":"Habits"},"content":{"rendered":"\t\t<div data-elementor-type=\"wp-page\" data-elementor-id=\"2588\" class=\"elementor elementor-2588 elementor-223\" data-elementor-post-type=\"page\">\n\t\t\t\t<div class=\"elementor-element elementor-element-4cf2e4c e-con-full e-flex e-con e-parent\" data-id=\"4cf2e4c\" data-element_type=\"container\" data-settings=\"{&quot;background_background&quot;:&quot;classic&quot;}\">\n\t\t\t\t<div class=\"elementor-element elementor-element-c0d67ac elementor-widget elementor-widget-shortcode\" data-id=\"c0d67ac\" data-element_type=\"widget\" data-widget_type=\"shortcode.default\">\n\t\t\t\t\t\t\t<div class=\"elementor-shortcode\">\n<div class=\"pdf-download-form-container\">\n    <div class=\"pdf-form-wrapper\">\n                    <h2 class=\"pdf-form-title\">Pobierz przewodnik<\/h2>\n                \n        <form id=\"pdf-download-form\" class=\"pdf-download-form\" method=\"post\">\n            <div class=\"pdf-form-messages\"><\/div>\n            \n            <div class=\"pdf-form-field\">\n                <label for=\"pdf_first_name\">\n                    Imi\u0119 <span class=\"required\">*<\/span>\n                <\/label>\n                <input \n                    type=\"text\" \n                    id=\"pdf_first_name\" \n                    name=\"first_name\" \n                    required\n                    placeholder=\"Wpisz swoje imi\u0119\"\n                \/>\n            <\/div>\n            \n            <div class=\"pdf-form-field\">\n                <label for=\"pdf_email\">\n                    Adres e-mail <span class=\"required\">*<\/span>\n                <\/label>\n                <input \n                    type=\"email\" \n                    id=\"pdf_email\" \n                    name=\"email\" \n                    required\n                    placeholder=\"twoj@email.pl\"\n                \/>\n            <\/div>\n            \n            <div class=\"pdf-form-consents\">\n                <div class=\"pdf-form-checkbox\">\n                    <input \n                        type=\"checkbox\" \n                        id=\"pdf_privacy_consent\" \n                        name=\"privacy_consent\" \n                        required\n                    \/>\n                    <label for=\"pdf_privacy_consent\">\n                        <span class=\"required\">*<\/span> Akceptuj\u0119 \n                        <a href=\"https:\/\/senoa.pl\/polityka-prywatnosci\/\" target=\"_blank\" rel=\"noopener\">\n                            Polityk\u0119 Prywatno\u015bci\n                        <\/a>\n                    <\/label>\n                <\/div>\n                \n                <div class=\"pdf-form-checkbox\">\n                    <input \n                        type=\"checkbox\" \n                        id=\"pdf_marketing_consent\" \n                        name=\"marketing_consent\" \n                        required\n                    \/>\n                    <label for=\"pdf_marketing_consent\">\n                        <span class=\"required\">*<\/span> Wyra\u017cam zgod\u0119 na przetwarzanie moich danych osobowych przez Wydawc\u0119: V&K COSMETIC w celach marketingowych\n                    <\/label>\n                <\/div>\n            <\/div>\n            \n                        <div class=\"pdf-form-recaptcha\">\n                <div class=\"g-recaptcha\" data-sitekey=\"6LcBmDssAAAAAM1DAkXbKqh-xmmpXPn8EjMROtx2\"><\/div>\n            <\/div>\n                        \n            <div class=\"pdf-form-submit\">\n                <button type=\"submit\" class=\"pdf-form-button\">\n                    <span class=\"button-text\">Pobierz przewodnik<\/span>\n                    <span class=\"button-loader\" style=\"display: none;\">\n                        <svg class=\"spinner\" viewBox=\"0 0 50 50\">\n                            <circle class=\"path\" cx=\"25\" cy=\"25\" r=\"20\" fill=\"none\" stroke-width=\"5\"><\/circle>\n                        <\/svg>\n                    <\/span>\n                <\/button>\n            <\/div>\n            \n            <p class=\"pdf-form-note\">\n                <span class=\"required\">*<\/span> Pola wymagane\n            <\/p>\n        <\/form>\n    <\/div>\n<\/div>\n\n<\/div>\n\t\t\t\t\t\t<\/div>\n\t\t\t\t<\/div>\n\t\t\t\t<\/div>\n\t\t","protected":false},"excerpt":{"rendered":"","protected":false},"author":2,"featured_media":0,"parent":0,"menu_order":0,"comment_status":"closed","ping_status":"closed","template":"elementor_canvas","meta":{"_acf_changed":false,"footnotes":""},"class_list":["post-2588","page","type-page","status-publish","hentry"],"acf":[],"_links":{"self":[{"href":"https:\/\/senoa.pl\/en\/wp-json\/wp\/v2\/pages\/2588","targetHints":{"allow":["GET"]}}],"collection":[{"href":"https:\/\/senoa.pl\/en\/wp-json\/wp\/v2\/pages"}],"about":[{"href":"https:\/\/senoa.pl\/en\/wp-json\/wp\/v2\/types\/page"}],"author":[{"embeddable":true,"href":"https:\/\/senoa.pl\/en\/wp-json\/wp\/v2\/users\/2"}],"replies":[{"embeddable":true,"href":"https:\/\/senoa.pl\/en\/wp-json\/wp\/v2\/comments?post=2588"}],"version-history":[{"count":1,"href":"https:\/\/senoa.pl\/en\/wp-json\/wp\/v2\/pages\/2588\/revisions"}],"predecessor-version":[{"id":3355,"href":"https:\/\/senoa.pl\/en\/wp-json\/wp\/v2\/pages\/2588\/revisions\/3355"}],"wp:attachment":[{"href":"https:\/\/senoa.pl\/en\/wp-json\/wp\/v2\/media?parent=2588"}],"curies":[{"name":"wp","href":"https:\/\/api.w.org\/{rel}","templated":true}]}}